{"id":975,"date":"2025-08-05T02:00:59","date_gmt":"2025-08-05T00:00:59","guid":{"rendered":"https:\/\/nutritest.eu\/?page_id=975"},"modified":"2025-10-06T13:06:04","modified_gmt":"2025-10-06T11:06:04","slug":"contact","status":"publish","type":"page","link":"https:\/\/nutritest.eu\/hu\/contact\/","title":{"rendered":"Kapcsolat"},"content":{"rendered":"<div class=\"fusion-fullwidth fullwidth-box fusion-builder-row-1 fusion-flex-container nonhundred-percent-fullwidth non-hundred-percent-height-scrolling\" style=\"--awb-background-position:left top;--awb-border-sizes-top:0px;--awb-border-sizes-bottom:0px;--awb-border-sizes-left:0px;--awb-border-sizes-right:0px;--awb-border-radius-top-left:0px;--awb-border-radius-top-right:0px;--awb-border-radius-bottom-right:0px;--awb-border-radius-bottom-left:0px;--awb-padding-top:110px;--awb-padding-bottom:80px;--awb-padding-top-medium:70px;--awb-padding-bottom-medium:82px;--awb-flex-wrap:wrap;\" ><div class=\"fusion-builder-row fusion-row fusion-flex-align-items-flex-start fusion-flex-content-wrap\" style=\"max-width:1216.8px;margin-left: calc(-4% \/ 2 );margin-right: calc(-4% \/ 2 );\"><div class=\"fusion-layout-column fusion_builder_column fusion-builder-column-0 fusion_builder_column_1_2 1_2 fusion-flex-column\" style=\"--awb-bg-blend:overlay;--awb-bg-size:cover;--awb-width-large:50%;--awb-margin-top-large:0px;--awb-spacing-right-large:3.84%;--awb-margin-bottom-large:0px;--awb-spacing-left-large:3.84%;--awb-width-medium:100%;--awb-spacing-right-medium:1.92%;--awb-spacing-left-medium:1.92%;--awb-width-small:100%;--awb-spacing-right-small:1.92%;--awb-spacing-left-small:1.92%;\"><div class=\"fusion-column-wrapper fusion-flex-justify-content-flex-start fusion-content-layout-column\"><div class=\"fusion-image-element md-text-align-center\" style=\"text-align:left;--awb-caption-title-font-family:var(--h2_typography-font-family);--awb-caption-title-font-weight:var(--h2_typography-font-weight);--awb-caption-title-font-style:var(--h2_typography-font-style);--awb-caption-title-size:var(--h2_typography-font-size);--awb-caption-title-transform:var(--h2_typography-text-transform);--awb-caption-title-line-height:var(--h2_typography-line-height);--awb-caption-title-letter-spacing:var(--h2_typography-letter-spacing);\"><span class=\"fusion-imageframe imageframe-none imageframe-1 hover-type-none\"><img decoding=\"async\" width=\"1200\" height=\"800\" title=\"pexels-olly-879143\" src=\"https:\/\/nutritest.eu\/wp-content\/uploads\/2025\/08\/pexels-olly-879143-scaled.jpg\" data-orig-src=\"https:\/\/nutritest.eu\/wp-content\/uploads\/2025\/08\/pexels-olly-879143-1200x800.jpg\" alt class=\"lazyload img-responsive wp-image-977\" srcset=\"data:image\/svg+xml,%3Csvg%20xmlns%3D%27http%3A%2F%2Fwww.w3.org%2F2000%2Fsvg%27%20width%3D%272560%27%20height%3D%271707%27%20viewBox%3D%270%200%202560%201707%27%3E%3Crect%20width%3D%272560%27%20height%3D%271707%27%20fill-opacity%3D%220%22%2F%3E%3C%2Fsvg%3E\" data-srcset=\"https:\/\/nutritest.eu\/wp-content\/uploads\/2025\/08\/pexels-olly-879143-200x133.jpg 200w, https:\/\/nutritest.eu\/wp-content\/uploads\/2025\/08\/pexels-olly-879143-400x267.jpg 400w, https:\/\/nutritest.eu\/wp-content\/uploads\/2025\/08\/pexels-olly-879143-600x400.jpg 600w, https:\/\/nutritest.eu\/wp-content\/uploads\/2025\/08\/pexels-olly-879143-800x533.jpg 800w, https:\/\/nutritest.eu\/wp-content\/uploads\/2025\/08\/pexels-olly-879143-1200x800.jpg 1200w\" data-sizes=\"auto\" data-orig-sizes=\"(max-width: 800px) 100vw, (max-width: 640px) 100vw, 600px\" \/><\/span><\/div><\/div><\/div><div class=\"fusion-layout-column fusion_builder_column fusion-builder-column-1 fusion_builder_column_1_2 1_2 fusion-flex-column\" style=\"--awb-bg-blend:overlay;--awb-bg-size:cover;--awb-width-large:50%;--awb-margin-top-large:0px;--awb-spacing-right-large:3.84%;--awb-margin-bottom-large:0px;--awb-spacing-left-large:3.84%;--awb-width-medium:100%;--awb-spacing-right-medium:1.92%;--awb-spacing-left-medium:1.92%;--awb-width-small:100%;--awb-spacing-right-small:1.92%;--awb-spacing-left-small:1.92%;\"><div class=\"fusion-column-wrapper fusion-flex-justify-content-flex-start fusion-content-layout-column\"><div class=\"fusion-title title fusion-title-1 fusion-sep-none fusion-title-text fusion-title-size-two\" style=\"--awb-margin-bottom:20px;\"><h2 class=\"fusion-title-heading title-heading-left\" style=\"margin:0;\">Kapcsolat<\/h2><\/div><div class=\"fusion-title title fusion-title-2 fusion-sep-none fusion-title-text fusion-title-size-three\" style=\"--awb-margin-bottom:15px;\"><h3 class=\"fusion-title-heading title-heading-left\" style=\"margin:0;\"><div><\/div>\n<p>Email: test [kukac] dualdur.com<\/p>\n<p>Telefon: +36 30 108 59 16<\/h3><\/div><div class=\"fusion-separator fusion-full-width-sep\" style=\"align-self: center;margin-left: auto;margin-right: auto;margin-top:15px;width:100%;\"><\/div><div class=\"fusion-text fusion-text-1\"><p style=\"font-size: 16px;\" data-fusion-font=\"true\"><span style=\"font-size: 18px;\" data-fusion-font=\"true\">\u00dcgyf\u00e9lszolg\u00e1lati id\u0151: <\/span><span style=\"background-color: rgba(0, 0, 0, 0); font-size: 18px;\" data-fusion-font=\"true\">h\u00e9tk\u00f6znap 9:00 \u2013 17:00<\/span><\/p>\n<\/div><div class=\"fusion-separator fusion-full-width-sep\" style=\"align-self: center;margin-left: auto;margin-right: auto;margin-top:15px;width:100%;\"><\/div><\/div><\/div><\/div><\/div>","protected":false},"excerpt":{"rendered":"","protected":false},"author":1,"featured_media":0,"parent":0,"menu_order":0,"comment_status":"closed","ping_status":"open","template":"100-width.php","meta":{"footnotes":""},"class_list":["post-975","page","type-page","status-publish","hentry"],"yoast_head":"<!-- This site is optimized with the Yoast SEO Premium plugin v25.6 (Yoast SEO v26.4) - https:\/\/yoast.com\/wordpress\/plugins\/seo\/ -->\n<title>Contact us - Nutritest.eu<\/title>\n<meta name=\"description\" content=\"Please contact us if you would like to get additional information regarding holistic laboratory analysis of your health: nutrition, gut flora, hormones and more\" \/>\n<meta name=\"robots\" content=\"index, follow, max-snippet:-1, max-image-preview:large, max-video-preview:-1\" \/>\n<link rel=\"canonical\" href=\"https:\/\/nutritest.eu\/hu\/contact\/\" \/>\n<meta property=\"og:locale\" content=\"hu_HU\" \/>\n<meta property=\"og:type\" content=\"article\" \/>\n<meta property=\"og:title\" content=\"Contact us\" \/>\n<meta property=\"og:description\" content=\"Please contact us if you would like to get additional information regarding holistic laboratory analysis of your health: nutrition, gut flora, hormones and more\" \/>\n<meta property=\"og:url\" content=\"https:\/\/nutritest.eu\/hu\/contact\/\" \/>\n<meta property=\"og:site_name\" content=\"Nutritest.eu\" \/>\n<meta property=\"article:publisher\" content=\"https:\/\/www.facebook.com\/NutritestFeelGood\/\" \/>\n<meta property=\"article:modified_time\" content=\"2025-10-06T11:06:04+00:00\" \/>\n<meta name=\"twitter:card\" content=\"summary_large_image\" \/>\n<meta name=\"twitter:label1\" content=\"Becs\u00fclt olvas\u00e1si id\u0151\" \/>\n\t<meta name=\"twitter:data1\" content=\"1 perc\" \/>\n<script type=\"application\/ld+json\" class=\"yoast-schema-graph\">{\"@context\":\"https:\/\/schema.org\",\"@graph\":[{\"@type\":\"WebPage\",\"@id\":\"https:\/\/nutritest.eu\/contact\/\",\"url\":\"https:\/\/nutritest.eu\/contact\/\",\"name\":\"Contact us - Nutritest.eu\",\"isPartOf\":{\"@id\":\"https:\/\/nutritest.eu\/#website\"},\"datePublished\":\"2025-08-05T00:00:59+00:00\",\"dateModified\":\"2025-10-06T11:06:04+00:00\",\"description\":\"Please contact us if you would like to get additional information regarding holistic laboratory analysis of your health: nutrition, gut flora, hormones and more\",\"breadcrumb\":{\"@id\":\"https:\/\/nutritest.eu\/contact\/#breadcrumb\"},\"inLanguage\":\"hu\",\"potentialAction\":[{\"@type\":\"ReadAction\",\"target\":[\"https:\/\/nutritest.eu\/contact\/\"]}]},{\"@type\":\"BreadcrumbList\",\"@id\":\"https:\/\/nutritest.eu\/contact\/#breadcrumb\",\"itemListElement\":[{\"@type\":\"ListItem\",\"position\":1,\"name\":\"Home\",\"item\":\"https:\/\/nutritest.eu\/\"},{\"@type\":\"ListItem\",\"position\":2,\"name\":\"Contact us\"}]},{\"@type\":\"WebSite\",\"@id\":\"https:\/\/nutritest.eu\/#website\",\"url\":\"https:\/\/nutritest.eu\/\",\"name\":\"Nutritest.eu\",\"description\":\"test to feel good\",\"publisher\":{\"@id\":\"https:\/\/nutritest.eu\/#organization\"},\"potentialAction\":[{\"@type\":\"SearchAction\",\"target\":{\"@type\":\"EntryPoint\",\"urlTemplate\":\"https:\/\/nutritest.eu\/?s={search_term_string}\"},\"query-input\":{\"@type\":\"PropertyValueSpecification\",\"valueRequired\":true,\"valueName\":\"search_term_string\"}}],\"inLanguage\":\"hu\"},{\"@type\":\"Organization\",\"@id\":\"https:\/\/nutritest.eu\/#organization\",\"name\":\"Nutritest.eu\",\"url\":\"https:\/\/nutritest.eu\/\",\"logo\":{\"@type\":\"ImageObject\",\"inLanguage\":\"hu\",\"@id\":\"https:\/\/nutritest.eu\/#\/schema\/logo\/image\/\",\"url\":\"https:\/\/nutritest.eu\/wp-content\/uploads\/2025\/08\/Nutritest_logo.png\",\"contentUrl\":\"https:\/\/nutritest.eu\/wp-content\/uploads\/2025\/08\/Nutritest_logo.png\",\"width\":500,\"height\":500,\"caption\":\"Nutritest.eu\"},\"image\":{\"@id\":\"https:\/\/nutritest.eu\/#\/schema\/logo\/image\/\"},\"sameAs\":[\"https:\/\/www.facebook.com\/NutritestFeelGood\/\",\"https:\/\/www.instagram.com\/nutritest_feel_good\/\"]}]}<\/script>\n<!-- \/ Yoast SEO Premium plugin. -->","yoast_head_json":{"title":"Contact us - Nutritest.eu","description":"Please contact us if you would like to get additional information regarding holistic laboratory analysis of your health: nutrition, gut flora, hormones and more","robots":{"index":"index","follow":"follow","max-snippet":"max-snippet:-1","max-image-preview":"max-image-preview:large","max-video-preview":"max-video-preview:-1"},"canonical":"https:\/\/nutritest.eu\/hu\/contact\/","og_locale":"hu_HU","og_type":"article","og_title":"Contact us","og_description":"Please contact us if you would like to get additional information regarding holistic laboratory analysis of your health: nutrition, gut flora, hormones and more","og_url":"https:\/\/nutritest.eu\/hu\/contact\/","og_site_name":"Nutritest.eu","article_publisher":"https:\/\/www.facebook.com\/NutritestFeelGood\/","article_modified_time":"2025-10-06T11:06:04+00:00","twitter_card":"summary_large_image","twitter_misc":{"Becs\u00fclt olvas\u00e1si id\u0151":"1 perc"},"schema":{"@context":"https:\/\/schema.org","@graph":[{"@type":"WebPage","@id":"https:\/\/nutritest.eu\/contact\/","url":"https:\/\/nutritest.eu\/contact\/","name":"Contact us - Nutritest.eu","isPartOf":{"@id":"https:\/\/nutritest.eu\/#website"},"datePublished":"2025-08-05T00:00:59+00:00","dateModified":"2025-10-06T11:06:04+00:00","description":"Please contact us if you would like to get additional information regarding holistic laboratory analysis of your health: nutrition, gut flora, hormones and more","breadcrumb":{"@id":"https:\/\/nutritest.eu\/contact\/#breadcrumb"},"inLanguage":"hu","potentialAction":[{"@type":"ReadAction","target":["https:\/\/nutritest.eu\/contact\/"]}]},{"@type":"BreadcrumbList","@id":"https:\/\/nutritest.eu\/contact\/#breadcrumb","itemListElement":[{"@type":"ListItem","position":1,"name":"Home","item":"https:\/\/nutritest.eu\/"},{"@type":"ListItem","position":2,"name":"Contact us"}]},{"@type":"WebSite","@id":"https:\/\/nutritest.eu\/#website","url":"https:\/\/nutritest.eu\/","name":"Nutritest.eu","description":"test to feel good","publisher":{"@id":"https:\/\/nutritest.eu\/#organization"},"potentialAction":[{"@type":"SearchAction","target":{"@type":"EntryPoint","urlTemplate":"https:\/\/nutritest.eu\/?s={search_term_string}"},"query-input":{"@type":"PropertyValueSpecification","valueRequired":true,"valueName":"search_term_string"}}],"inLanguage":"hu"},{"@type":"Organization","@id":"https:\/\/nutritest.eu\/#organization","name":"Nutritest.eu","url":"https:\/\/nutritest.eu\/","logo":{"@type":"ImageObject","inLanguage":"hu","@id":"https:\/\/nutritest.eu\/#\/schema\/logo\/image\/","url":"https:\/\/nutritest.eu\/wp-content\/uploads\/2025\/08\/Nutritest_logo.png","contentUrl":"https:\/\/nutritest.eu\/wp-content\/uploads\/2025\/08\/Nutritest_logo.png","width":500,"height":500,"caption":"Nutritest.eu"},"image":{"@id":"https:\/\/nutritest.eu\/#\/schema\/logo\/image\/"},"sameAs":["https:\/\/www.facebook.com\/NutritestFeelGood\/","https:\/\/www.instagram.com\/nutritest_feel_good\/"]}]}},"_links":{"self":[{"href":"https:\/\/nutritest.eu\/hu\/wp-json\/wp\/v2\/pages\/975","targetHints":{"allow":["GET"]}}],"collection":[{"href":"https:\/\/nutritest.eu\/hu\/wp-json\/wp\/v2\/pages"}],"about":[{"href":"https:\/\/nutritest.eu\/hu\/wp-json\/wp\/v2\/types\/page"}],"author":[{"embeddable":true,"href":"https:\/\/nutritest.eu\/hu\/wp-json\/wp\/v2\/users\/1"}],"replies":[{"embeddable":true,"href":"https:\/\/nutritest.eu\/hu\/wp-json\/wp\/v2\/comments?post=975"}],"version-history":[{"count":0,"href":"https:\/\/nutritest.eu\/hu\/wp-json\/wp\/v2\/pages\/975\/revisions"}],"wp:attachment":[{"href":"https:\/\/nutritest.eu\/hu\/wp-json\/wp\/v2\/media?parent=975"}],"curies":[{"name":"wp","href":"https:\/\/api.w.org\/{rel}","templated":true}]}}